{"id":348,"date":"2024-09-06T15:41:10","date_gmt":"2024-09-06T15:41:10","guid":{"rendered":"https:\/\/ventayrentacamasdehospital.com\/?post_type=product&#038;p=348"},"modified":"2024-09-06T15:42:32","modified_gmt":"2024-09-06T15:42:32","slug":"renta-cama-electrica-stryker","status":"publish","type":"product","link":"https:\/\/ventayrentacamasdehospital.com\/index.php\/product\/renta-cama-electrica-stryker\/","title":{"rendered":"Renta Cama electrica Stryker"},"content":{"rendered":"<p>Stryker Secure es una cama m\u00e9dica y quir\u00fargica con todas las caracter\u00edsticas que combina la ingenier\u00eda pr\u00e1ctica con la tecnolog\u00eda de cama inteligente para ayudar a proporcionar una plataforma de paciente que no solo satisface las necesidades de los pacientes, sino tambi\u00e9n las necesidades de aquellos que los cuidan.<\/p>\n<p>Caracter\u00edsticas del producto: marco de cama retr\u00e1ctil. Freno central de posicionamiento intermedio de riel lateral. Dise\u00f1o de arquitectura abierta.<\/p>\n<p>Especificaciones t\u00e9cnicas:<br \/>\nAncho total: 106,7 cm.<br \/>\nTama\u00f1o total (longitud totalmente extendida) 236,7 cm.<br \/>\nElevaci\u00f3n m\u00e1xima del respaldo: 0-60 grados.<br \/>\nM\u00e1ximo de la rodilla: 0 &#8211; 40 grados.<br \/>\nTendencia de tendencia\/marcha atr\u00e1s +\/- 12 grados.<br \/>\nPeso m\u00e1ximo del paciente: 500 libras (todos los logos, nombres de productos y contenido son marcas comerciales y derechos de autor respectivos).<\/p>\n","protected":false},"excerpt":{"rendered":"<p><b>El paquete incluye:<\/b><\/p>\n<ul>\n<li>Cama Totalmente el\u00e9ctrica con ajuste de altura, cabeza y pies<\/li>\n<li>Control remoto<\/li>\n<li>Barandales de protecci\u00f3n<\/li>\n<li>Manivela de respaldo en caso de falla el\u00e9ctrica<\/li>\n<li>Colch\u00f3n Econ\u00f3mico Ortop\u00e9dico seccionado *<\/li>\n<li>Capacitaci\u00f3n<\/li>\n<li>Disponible en Renta para: 30 d\u00edas<\/li>\n<li><b>Entrega a Domicilio sin Costo en: Guadalajara, Tlaquepaque, Tonal\u00e1, Zapopan y Tlajomulco (este depende de direcci\u00f3n, si no se cobra un extra). SOLO SE REALIZA RENTA DE ESTE PRODUCTO EN ZONA METROPOLITANA DE GUADALAJARA, JALISCO<\/b><\/li>\n<li><\/li>\n<\/ul>\n","protected":false},"featured_media":349,"comment_status":"open","ping_status":"closed","template":"","meta":{"om_disable_all_campaigns":false,"_monsterinsights_skip_tracking":false,"_monsterinsights_sitenote_active":false,"_monsterinsights_sitenote_note":"","_monsterinsights_sitenote_category":0,"site-sidebar-layout":"default","site-content-layout":"default","ast-main-header-display":"","ast-hfb-above-header-display":"","ast-hfb-below-header-display":"","ast-hfb-mobile-header-display":"","site-post-title":"","ast-breadcrumbs-content":"","ast-featured-img":"","footer-sml-layout":"","theme-transparent-header-meta":"default","adv-header-id-meta":"","stick-header-meta":"","header-above-stick-meta":"","header-main-stick-meta":"","header-below-stick-meta":""},"product_cat":[17],"product_tag":[],"class_list":["post-348","product","type-product","status-publish","has-post-thumbnail","hentry","product_cat-https-ventayrentacamasdehospital-com-index-php-camas-en-renta"],"_links":{"self":[{"href":"https:\/\/ventayrentacamasdehospital.com\/index.php\/wp-json\/wp\/v2\/product\/348","targetHints":{"allow":["GET"]}}],"collection":[{"href":"https:\/\/ventayrentacamasdehospital.com\/index.php\/wp-json\/wp\/v2\/product"}],"about":[{"href":"https:\/\/ventayrentacamasdehospital.com\/index.php\/wp-json\/wp\/v2\/types\/product"}],"replies":[{"embeddable":true,"href":"https:\/\/ventayrentacamasdehospital.com\/index.php\/wp-json\/wp\/v2\/comments?post=348"}],"version-history":[{"count":1,"href":"https:\/\/ventayrentacamasdehospital.com\/index.php\/wp-json\/wp\/v2\/product\/348\/revisions"}],"predecessor-version":[{"id":350,"href":"https:\/\/ventayrentacamasdehospital.com\/index.php\/wp-json\/wp\/v2\/product\/348\/revisions\/350"}],"wp:featuredmedia":[{"embeddable":true,"href":"https:\/\/ventayrentacamasdehospital.com\/index.php\/wp-json\/wp\/v2\/media\/349"}],"wp:attachment":[{"href":"https:\/\/ventayrentacamasdehospital.com\/index.php\/wp-json\/wp\/v2\/media?parent=348"}],"wp:term":[{"taxonomy":"product_cat","embeddable":true,"href":"https:\/\/ventayrentacamasdehospital.com\/index.php\/wp-json\/wp\/v2\/product_cat?post=348"},{"taxonomy":"product_tag","embeddable":true,"href":"https:\/\/ventayrentacamasdehospital.com\/index.php\/wp-json\/wp\/v2\/product_tag?post=348"}],"curies":[{"name":"wp","href":"https:\/\/api.w.org\/{rel}","templated":true}]}}