{"id":345,"date":"2024-09-06T15:34:56","date_gmt":"2024-09-06T15:34:56","guid":{"rendered":"https:\/\/ventayrentacamasdehospital.com\/?post_type=product&#038;p=345"},"modified":"2024-09-06T15:34:56","modified_gmt":"2024-09-06T15:34:56","slug":"renta-cama-electrica-de-malla","status":"publish","type":"product","link":"https:\/\/ventayrentacamasdehospital.com\/index.php\/product\/renta-cama-electrica-de-malla\/","title":{"rendered":"Renta Cama Electrica de Malla"},"content":{"rendered":"<h2>Descripci\u00f3n:<\/h2>\n<ul>\n<li>Cama El\u00e9ctrica de 3 Posiciones con Panel R\u00edgido y Barandales Desmontables Incluidos, Color Gris<\/li>\n<li>Dise\u00f1o de tres funciones que permite al Usuario seleccionar la posici\u00f3n m\u00e1s c\u00f3moda de acuerdo a sus necesidades<\/li>\n<li>Cuenta con cuatro ruedas para facilitar su traslado, dos de ellas con freno para mayor seguirdad<\/li>\n<li>Pr\u00e1ctico motor que se instala y desisntala para almacenar o transportar la cama<\/li>\n<li>Control de mando al\u00e1mbrico para facilitar el ajuste de las posiciones deseadas<\/li>\n<li>En caso de un corte de energia, una bater\u00eda de 9 voltios (no incluida) puede conectarse al motor para regresar la cama a su posicion horizontal<\/li>\n<\/ul>\n","protected":false},"excerpt":{"rendered":"<p><b>El paquete incluye:<\/b><\/p>\n<ul>\n<li>Cama Totalmente el\u00e9ctrica con ajuste de altura, cabeza y pies<\/li>\n<li>Control remoto<\/li>\n<li>Barandales de protecci\u00f3n<\/li>\n<li>Manivela de respaldo en caso de falla el\u00e9ctrica<\/li>\n<li>Colch\u00f3n Econ\u00f3mico Ortop\u00e9dico seccionado *<\/li>\n<li>Capacitaci\u00f3n<\/li>\n<li>Disponible en Renta para: 30 d\u00edas<\/li>\n<li><b>Entrega a Domicilio sin Costo en: Guadalajara, Tlaquepaque, Tonal\u00e1, Zapopan y Tlajomulco (este depende de direcci\u00f3n, si no se cobra un extra). SOLO SE REALIZA RENTA DE ESTE PRODUCTO EN ZONA METROPOLITANA DE GUADALAJARA, JALISCO<\/b><\/li>\n<\/ul>\n","protected":false},"featured_media":346,"comment_status":"open","ping_status":"closed","template":"","meta":{"om_disable_all_campaigns":false,"_monsterinsights_skip_tracking":false,"_monsterinsights_sitenote_active":false,"_monsterinsights_sitenote_note":"","_monsterinsights_sitenote_category":0,"site-sidebar-layout":"default","site-content-layout":"default","ast-main-header-display":"","ast-hfb-above-header-display":"","ast-hfb-below-header-display":"","ast-hfb-mobile-header-display":"","site-post-title":"","ast-breadcrumbs-content":"","ast-featured-img":"","footer-sml-layout":"","theme-transparent-header-meta":"","adv-header-id-meta":"","stick-header-meta":"","header-above-stick-meta":"","header-main-stick-meta":"","header-below-stick-meta":""},"product_cat":[17],"product_tag":[],"class_list":["post-345","product","type-product","status-publish","has-post-thumbnail","hentry","product_cat-https-ventayrentacamasdehospital-com-index-php-camas-en-renta"],"_links":{"self":[{"href":"https:\/\/ventayrentacamasdehospital.com\/index.php\/wp-json\/wp\/v2\/product\/345","targetHints":{"allow":["GET"]}}],"collection":[{"href":"https:\/\/ventayrentacamasdehospital.com\/index.php\/wp-json\/wp\/v2\/product"}],"about":[{"href":"https:\/\/ventayrentacamasdehospital.com\/index.php\/wp-json\/wp\/v2\/types\/product"}],"replies":[{"embeddable":true,"href":"https:\/\/ventayrentacamasdehospital.com\/index.php\/wp-json\/wp\/v2\/comments?post=345"}],"version-history":[{"count":1,"href":"https:\/\/ventayrentacamasdehospital.com\/index.php\/wp-json\/wp\/v2\/product\/345\/revisions"}],"predecessor-version":[{"id":347,"href":"https:\/\/ventayrentacamasdehospital.com\/index.php\/wp-json\/wp\/v2\/product\/345\/revisions\/347"}],"wp:featuredmedia":[{"embeddable":true,"href":"https:\/\/ventayrentacamasdehospital.com\/index.php\/wp-json\/wp\/v2\/media\/346"}],"wp:attachment":[{"href":"https:\/\/ventayrentacamasdehospital.com\/index.php\/wp-json\/wp\/v2\/media?parent=345"}],"wp:term":[{"taxonomy":"product_cat","embeddable":true,"href":"https:\/\/ventayrentacamasdehospital.com\/index.php\/wp-json\/wp\/v2\/product_cat?post=345"},{"taxonomy":"product_tag","embeddable":true,"href":"https:\/\/ventayrentacamasdehospital.com\/index.php\/wp-json\/wp\/v2\/product_tag?post=345"}],"curies":[{"name":"wp","href":"https:\/\/api.w.org\/{rel}","templated":true}]}}