{"id":338,"date":"2024-09-06T15:13:10","date_gmt":"2024-09-06T15:13:10","guid":{"rendered":"https:\/\/ventayrentacamasdehospital.com\/?post_type=product&#038;p=338"},"modified":"2024-09-06T15:17:45","modified_gmt":"2024-09-06T15:17:45","slug":"renta-cama-manual-de-manivelas-economica","status":"publish","type":"product","link":"https:\/\/ventayrentacamasdehospital.com\/index.php\/product\/renta-cama-manual-de-manivelas-economica\/","title":{"rendered":"Renta Cama Manual de Manivelas Economica"},"content":{"rendered":"<p>Funciones:<br \/>\n* Dise\u00f1o de tres funciones que permite al usuario seleccionar la posici\u00f3n m\u00e1s c\u00f3moda de acuerdo a sus necesidades.<br \/>\n* Elevaci\u00f3n el\u00e9ctrica de respaldo, piernas y altura.<br \/>\n* Cuenta con cuatro ruedas para facilitar su traslado, dos de ellas con freno para mayor seguridad.<br \/>\n* Pr\u00e1ctico motor que se instala y desinstala para almacenar o transportar la cama.<br \/>\n* Control de mando al\u00e1mbrico para facilitar el ajuste de las posiciones deseadas.<br \/>\n* En caso de un corte de energ\u00eda, una bater\u00eda de 9 voltios (no incluida) puede conectarse al motor para regresar la cama a su posici\u00f3n horizontal.<br \/>\n* Barandales desmontables.<\/p>\n<p>Material de la cama:<br \/>\n* Estructura de acero cubierta de pintura ep\u00f3xica resistente a la corrosi\u00f3n.<br \/>\n* Colch\u00f3n fabricado con c\u00f3modo acojinamiento y cubierta de econoplast (tela impermeable) que favorece su limpieza e higiene.<\/p>\n","protected":false},"excerpt":{"rendered":"<p><b>El paquete incluye:<\/b><\/p>\n<ul>\n<li>Cama manual con ajuste de altura, cabeza y pies<\/li>\n<li>Control remoto<\/li>\n<li>Barandales de protecci\u00f3n<\/li>\n<li>Manivela de respaldo en caso de falla el\u00e9ctrica<\/li>\n<li>Colch\u00f3n se vende por separado<\/li>\n<li>Capacitaci\u00f3n<\/li>\n<li>Disponible en Renta para: 30 d\u00edas<\/li>\n<li><b>Entrega a Domicilio sin Costo en: Guadalajara, Tlaquepaque, Tonal\u00e1, Zapopan y Tlajomulco (este depende de direcci\u00f3n, si no se cobra un extra). SOLO SE REALIZA RENTA DE ESTE PRODUCTO EN ZONA METROPOLITANA DE GUADALAJARA, JALISCO<\/b><\/li>\n<li><\/li>\n<\/ul>\n","protected":false},"featured_media":339,"comment_status":"open","ping_status":"closed","template":"","meta":{"om_disable_all_campaigns":false,"_monsterinsights_skip_tracking":false,"_monsterinsights_sitenote_active":false,"_monsterinsights_sitenote_note":"","_monsterinsights_sitenote_category":0,"site-sidebar-layout":"default","site-content-layout":"default","ast-main-header-display":"","ast-hfb-above-header-display":"","ast-hfb-below-header-display":"","ast-hfb-mobile-header-display":"","site-post-title":"","ast-breadcrumbs-content":"","ast-featured-img":"","footer-sml-layout":"","theme-transparent-header-meta":"default","adv-header-id-meta":"","stick-header-meta":"","header-above-stick-meta":"","header-main-stick-meta":"","header-below-stick-meta":""},"product_cat":[17],"product_tag":[],"class_list":["post-338","product","type-product","status-publish","has-post-thumbnail","hentry","product_cat-https-ventayrentacamasdehospital-com-index-php-camas-en-renta"],"_links":{"self":[{"href":"https:\/\/ventayrentacamasdehospital.com\/index.php\/wp-json\/wp\/v2\/product\/338","targetHints":{"allow":["GET"]}}],"collection":[{"href":"https:\/\/ventayrentacamasdehospital.com\/index.php\/wp-json\/wp\/v2\/product"}],"about":[{"href":"https:\/\/ventayrentacamasdehospital.com\/index.php\/wp-json\/wp\/v2\/types\/product"}],"replies":[{"embeddable":true,"href":"https:\/\/ventayrentacamasdehospital.com\/index.php\/wp-json\/wp\/v2\/comments?post=338"}],"version-history":[{"count":1,"href":"https:\/\/ventayrentacamasdehospital.com\/index.php\/wp-json\/wp\/v2\/product\/338\/revisions"}],"predecessor-version":[{"id":341,"href":"https:\/\/ventayrentacamasdehospital.com\/index.php\/wp-json\/wp\/v2\/product\/338\/revisions\/341"}],"wp:featuredmedia":[{"embeddable":true,"href":"https:\/\/ventayrentacamasdehospital.com\/index.php\/wp-json\/wp\/v2\/media\/339"}],"wp:attachment":[{"href":"https:\/\/ventayrentacamasdehospital.com\/index.php\/wp-json\/wp\/v2\/media?parent=338"}],"wp:term":[{"taxonomy":"product_cat","embeddable":true,"href":"https:\/\/ventayrentacamasdehospital.com\/index.php\/wp-json\/wp\/v2\/product_cat?post=338"},{"taxonomy":"product_tag","embeddable":true,"href":"https:\/\/ventayrentacamasdehospital.com\/index.php\/wp-json\/wp\/v2\/product_tag?post=338"}],"curies":[{"name":"wp","href":"https:\/\/api.w.org\/{rel}","templated":true}]}}