{"id":238,"date":"2021-07-07T18:36:12","date_gmt":"2021-07-07T18:36:12","guid":{"rendered":"https:\/\/ventayrentacamasdehospital.com\/?post_type=product&#038;p=238"},"modified":"2024-09-06T15:07:36","modified_gmt":"2024-09-06T15:07:36","slug":"cama-hospitalaria-manual-3-manivelas-con-base-semisolida","status":"publish","type":"product","link":"https:\/\/ventayrentacamasdehospital.com\/index.php\/product\/cama-hospitalaria-manual-3-manivelas-con-base-semisolida\/","title":{"rendered":"Renta Cama Hospitalaria electrica de 3 manivelas"},"content":{"rendered":"<p>Dimensiones:<br \/>\nPosici\u00f3n Alta<\/p>\n<ul>\n<li>Largo 200 cm<\/li>\n<li>Ancho 90 cm<\/li>\n<li>Altura 75 cm<\/li>\n<\/ul>\n<p>Posici\u00f3n Baja<\/p>\n<ul>\n<li>Largo 200 cm<\/li>\n<li>Ancho 90 cm<\/li>\n<li>Altura 37 cm<\/li>\n<\/ul>\n<p>Soporte de peso 125 kg<\/p>\n<p>Caracter\u00edsticas:<\/p>\n<ul>\n<li>Sistema manual de elevaci\u00f3n 3 posiciones.<\/li>\n<li>Control de posiciones con 3 manivelas (cabeza, pies y altura).<\/li>\n<li>Bastidor plegable de acero de alta durabilidad.<\/li>\n<li>Barandales de protecci\u00f3n deslizables.<\/li>\n<li>Llantas de goma con freno en cada una de ellas para mayor seguridad.<\/li>\n<li>Ergon\u00f3micamente dise\u00f1ada para la comodidad del paciente.<\/li>\n<li>Soporta un peso de paciente de 135 kg y y hasta 175 kg con accesorios.<\/li>\n<\/ul>\n","protected":false},"excerpt":{"rendered":"<p><b>El paquete incluye:<\/b><\/p>\n<ul>\n<li>Cama Totalmente el\u00e9ctrica con ajuste de altura, cabeza y pies<\/li>\n<li>Control remoto<\/li>\n<li>Barandales de protecci\u00f3n<\/li>\n<li>Manivela de respaldo en caso de falla el\u00e9ctrica<\/li>\n<li>Colch\u00f3n Econ\u00f3mico Ortop\u00e9dico seccionado *<\/li>\n<li>Capacitaci\u00f3n<\/li>\n<li>Disponible en Renta para: 30 d\u00edas<\/li>\n<li><b>Entrega a Domicilio sin Costo en: Guadalajara, Tlaquepaque, Tonal\u00e1, Zapopan y Tlajomulco (este depende de direcci\u00f3n, si no se cobra un extra). SOLO SE REALIZA RENTA DE ESTE PRODUCTO EN ZONA METROPOLITANA DE GUADALAJARA, JALISCO<\/b><\/li>\n<\/ul>\n","protected":false},"featured_media":239,"comment_status":"open","ping_status":"closed","template":"","meta":{"om_disable_all_campaigns":false,"_monsterinsights_skip_tracking":false,"_monsterinsights_sitenote_active":false,"_monsterinsights_sitenote_note":"","_monsterinsights_sitenote_category":0,"site-sidebar-layout":"default","site-content-layout":"default","ast-main-header-display":"","ast-hfb-above-header-display":"","ast-hfb-below-header-display":"","ast-hfb-mobile-header-display":"","site-post-title":"","ast-breadcrumbs-content":"","ast-featured-img":"","footer-sml-layout":"","theme-transparent-header-meta":"default","adv-header-id-meta":"","stick-header-meta":"","header-above-stick-meta":"","header-main-stick-meta":"","header-below-stick-meta":""},"product_cat":[17],"product_tag":[],"class_list":["post-238","product","type-product","status-publish","has-post-thumbnail","hentry","product_cat-https-ventayrentacamasdehospital-com-index-php-camas-en-renta"],"_links":{"self":[{"href":"https:\/\/ventayrentacamasdehospital.com\/index.php\/wp-json\/wp\/v2\/product\/238","targetHints":{"allow":["GET"]}}],"collection":[{"href":"https:\/\/ventayrentacamasdehospital.com\/index.php\/wp-json\/wp\/v2\/product"}],"about":[{"href":"https:\/\/ventayrentacamasdehospital.com\/index.php\/wp-json\/wp\/v2\/types\/product"}],"replies":[{"embeddable":true,"href":"https:\/\/ventayrentacamasdehospital.com\/index.php\/wp-json\/wp\/v2\/comments?post=238"}],"version-history":[{"count":5,"href":"https:\/\/ventayrentacamasdehospital.com\/index.php\/wp-json\/wp\/v2\/product\/238\/revisions"}],"predecessor-version":[{"id":334,"href":"https:\/\/ventayrentacamasdehospital.com\/index.php\/wp-json\/wp\/v2\/product\/238\/revisions\/334"}],"wp:featuredmedia":[{"embeddable":true,"href":"https:\/\/ventayrentacamasdehospital.com\/index.php\/wp-json\/wp\/v2\/media\/239"}],"wp:attachment":[{"href":"https:\/\/ventayrentacamasdehospital.com\/index.php\/wp-json\/wp\/v2\/media?parent=238"}],"wp:term":[{"taxonomy":"product_cat","embeddable":true,"href":"https:\/\/ventayrentacamasdehospital.com\/index.php\/wp-json\/wp\/v2\/product_cat?post=238"},{"taxonomy":"product_tag","embeddable":true,"href":"https:\/\/ventayrentacamasdehospital.com\/index.php\/wp-json\/wp\/v2\/product_tag?post=238"}],"curies":[{"name":"wp","href":"https:\/\/api.w.org\/{rel}","templated":true}]}}