{"id":206,"date":"2021-06-26T02:45:29","date_gmt":"2021-06-26T02:45:29","guid":{"rendered":"https:\/\/ventayrentacamasdehospital.com\/?post_type=product&#038;p=206"},"modified":"2024-09-06T16:26:00","modified_gmt":"2024-09-06T16:26:00","slug":"v-ergo-electrical-bed","status":"publish","type":"product","link":"https:\/\/ventayrentacamasdehospital.com\/index.php\/product\/v-ergo-electrical-bed\/","title":{"rendered":"Cama V-ERGO Electrica"},"content":{"rendered":"<p>Cama el\u00e9ctrica plegable m\u00faltiple, con revestimiento de madera en el cabecero y el estribo. Somier de metal con barras para el colch\u00f3n. La inclinaci\u00f3n del respaldo y la elevaci\u00f3n de las extremidades inferiores se realiza con un controlador el\u00e9ctrico que se bloquea para evitar accidentes. La altura total de la cama se ajusta el\u00e9ctricamente en las posiciones seleccionadas. Opci\u00f3n para el funcionamiento independiente de los motores de la cabecera o del pie de cama (&#8220;Posici\u00f3n Trendelenburg \/ Anti-Trendelenburg&#8221;).<\/p>\n<p>Protecciones laterales de metal bilaterales, extra\u00edbles y de conformidad con las especificaciones de seguridad. Trapecio de elevaci\u00f3n del paciente con mango ajustable deltoideo. Caja de bater\u00eda de respaldo de 9V, en caso de falla de energ\u00eda. F\u00e1cil transporte en el sitio, gracias a las cuatro ruedas con frenos, que se aseguran de forma independiente. La cama tiene cuatro tomas de metal para la estabilizaci\u00f3n del colch\u00f3n. El montaje es f\u00e1cil sin las herramientas de uso.<\/p>\n","protected":false},"excerpt":{"rendered":"<p>Caracter\u00edsticas t\u00e9cnicas:<br \/>\nLongitud total de la cama 216 cm<br \/>\nAncho total de la cama 103 cm<br \/>\nSommier Longitud 195cm<br \/>\nAncho Sommier 89cm<br \/>\nRango de elevaci\u00f3n del sommier desde el suelo de 25 cm a 65 cm<br \/>\n\u00c1ngulo m\u00e1ximo de respaldo 76 \u00b0<br \/>\n\u00c1ngulo m\u00e1ximo de las extremidades inferiores 30 \u00b0<br \/>\n\u00c1ngulo de la rodilla 15 \u00b0<br \/>\nAltura de protecciones laterales desde sommier de 10cm a 38cm.<br \/>\nPeso m\u00e1ximo del paciente 180 kg<\/p>\n","protected":false},"featured_media":207,"comment_status":"open","ping_status":"closed","template":"","meta":{"om_disable_all_campaigns":false,"_monsterinsights_skip_tracking":false,"_monsterinsights_sitenote_active":false,"_monsterinsights_sitenote_note":"","_monsterinsights_sitenote_category":0,"site-sidebar-layout":"default","site-content-layout":"default","ast-main-header-display":"","ast-hfb-above-header-display":"","ast-hfb-below-header-display":"","ast-hfb-mobile-header-display":"","site-post-title":"","ast-breadcrumbs-content":"","ast-featured-img":"","footer-sml-layout":"","theme-transparent-header-meta":"default","adv-header-id-meta":"","stick-header-meta":"","header-above-stick-meta":"","header-main-stick-meta":"","header-below-stick-meta":""},"product_cat":[18],"product_tag":[],"class_list":["post-206","product","type-product","status-publish","has-post-thumbnail","hentry","product_cat-https-ventayrentacamasdehospital-com-index-php-shop"],"_links":{"self":[{"href":"https:\/\/ventayrentacamasdehospital.com\/index.php\/wp-json\/wp\/v2\/product\/206","targetHints":{"allow":["GET"]}}],"collection":[{"href":"https:\/\/ventayrentacamasdehospital.com\/index.php\/wp-json\/wp\/v2\/product"}],"about":[{"href":"https:\/\/ventayrentacamasdehospital.com\/index.php\/wp-json\/wp\/v2\/types\/product"}],"replies":[{"embeddable":true,"href":"https:\/\/ventayrentacamasdehospital.com\/index.php\/wp-json\/wp\/v2\/comments?post=206"}],"version-history":[{"count":2,"href":"https:\/\/ventayrentacamasdehospital.com\/index.php\/wp-json\/wp\/v2\/product\/206\/revisions"}],"predecessor-version":[{"id":351,"href":"https:\/\/ventayrentacamasdehospital.com\/index.php\/wp-json\/wp\/v2\/product\/206\/revisions\/351"}],"wp:featuredmedia":[{"embeddable":true,"href":"https:\/\/ventayrentacamasdehospital.com\/index.php\/wp-json\/wp\/v2\/media\/207"}],"wp:attachment":[{"href":"https:\/\/ventayrentacamasdehospital.com\/index.php\/wp-json\/wp\/v2\/media?parent=206"}],"wp:term":[{"taxonomy":"product_cat","embeddable":true,"href":"https:\/\/ventayrentacamasdehospital.com\/index.php\/wp-json\/wp\/v2\/product_cat?post=206"},{"taxonomy":"product_tag","embeddable":true,"href":"https:\/\/ventayrentacamasdehospital.com\/index.php\/wp-json\/wp\/v2\/product_tag?post=206"}],"curies":[{"name":"wp","href":"https:\/\/api.w.org\/{rel}","templated":true}]}}