{"id":203,"date":"2021-06-26T02:44:09","date_gmt":"2021-06-26T02:44:09","guid":{"rendered":"https:\/\/ventayrentacamasdehospital.com\/?post_type=product&#038;p=203"},"modified":"2024-09-06T16:26:31","modified_gmt":"2024-09-06T16:26:31","slug":"cama-drive-competitor-semi-electric-bed","status":"publish","type":"product","link":"https:\/\/ventayrentacamasdehospital.com\/index.php\/product\/cama-drive-competitor-semi-electric-bed\/","title":{"rendered":"Cama Drive Competitor Electrica"},"content":{"rendered":"","protected":false},"excerpt":{"rendered":"<div>\n<p>La cama semi el\u00e9ctrica Drive Competitor es la cama m\u00e1s compacta que facilita la recepci\u00f3n de una cama de hospital para aquellos pacientes que la necesitan en casa.<br \/>\nLa cama semi el\u00e9ctrica de la competencia se completa con los rieles de la cama, el motor, el cabecero y el estribo de la unidad.<br \/>\nLa cama de hospital se env\u00eda con pies antideslizantes, lo que la hace m\u00e1s segura para aquellos pacientes que constantemente se mueven y giran en la cama y garantizar\u00e1n que la cama se mueva lo m\u00e1s m\u00ednimo posible.<br \/>\nLa cama semi el\u00e9ctrica Competitor es perfecta para aquellos pacientes que buscan la cama de hospital m\u00e1s adaptable del mercado.<\/p>\n<\/div>\n","protected":false},"featured_media":204,"comment_status":"open","ping_status":"closed","template":"","meta":{"om_disable_all_campaigns":false,"_monsterinsights_skip_tracking":false,"_monsterinsights_sitenote_active":false,"_monsterinsights_sitenote_note":"","_monsterinsights_sitenote_category":0,"site-sidebar-layout":"default","site-content-layout":"default","ast-main-header-display":"","ast-hfb-above-header-display":"","ast-hfb-below-header-display":"","ast-hfb-mobile-header-display":"","site-post-title":"","ast-breadcrumbs-content":"","ast-featured-img":"","footer-sml-layout":"","theme-transparent-header-meta":"default","adv-header-id-meta":"","stick-header-meta":"","header-above-stick-meta":"","header-main-stick-meta":"","header-below-stick-meta":""},"product_cat":[18],"product_tag":[],"class_list":["post-203","product","type-product","status-publish","has-post-thumbnail","hentry","product_cat-https-ventayrentacamasdehospital-com-index-php-shop"],"_links":{"self":[{"href":"https:\/\/ventayrentacamasdehospital.com\/index.php\/wp-json\/wp\/v2\/product\/203","targetHints":{"allow":["GET"]}}],"collection":[{"href":"https:\/\/ventayrentacamasdehospital.com\/index.php\/wp-json\/wp\/v2\/product"}],"about":[{"href":"https:\/\/ventayrentacamasdehospital.com\/index.php\/wp-json\/wp\/v2\/types\/product"}],"replies":[{"embeddable":true,"href":"https:\/\/ventayrentacamasdehospital.com\/index.php\/wp-json\/wp\/v2\/comments?post=203"}],"version-history":[{"count":3,"href":"https:\/\/ventayrentacamasdehospital.com\/index.php\/wp-json\/wp\/v2\/product\/203\/revisions"}],"predecessor-version":[{"id":352,"href":"https:\/\/ventayrentacamasdehospital.com\/index.php\/wp-json\/wp\/v2\/product\/203\/revisions\/352"}],"wp:featuredmedia":[{"embeddable":true,"href":"https:\/\/ventayrentacamasdehospital.com\/index.php\/wp-json\/wp\/v2\/media\/204"}],"wp:attachment":[{"href":"https:\/\/ventayrentacamasdehospital.com\/index.php\/wp-json\/wp\/v2\/media?parent=203"}],"wp:term":[{"taxonomy":"product_cat","embeddable":true,"href":"https:\/\/ventayrentacamasdehospital.com\/index.php\/wp-json\/wp\/v2\/product_cat?post=203"},{"taxonomy":"product_tag","embeddable":true,"href":"https:\/\/ventayrentacamasdehospital.com\/index.php\/wp-json\/wp\/v2\/product_tag?post=203"}],"curies":[{"name":"wp","href":"https:\/\/api.w.org\/{rel}","templated":true}]}}