{"id":197,"date":"2021-06-25T21:36:01","date_gmt":"2021-06-25T21:36:01","guid":{"rendered":"https:\/\/ventayrentacamasdehospital.com\/?post_type=product&#038;p=197"},"modified":"2024-09-06T14:58:04","modified_gmt":"2024-09-06T14:58:04","slug":"cama-hill-rom-advance-2000","status":"publish","type":"product","link":"https:\/\/ventayrentacamasdehospital.com\/index.php\/product\/cama-hill-rom-advance-2000\/","title":{"rendered":"Renta Cama Hill-Rom Advance 2000"},"content":{"rendered":"<p>Las camas Advance\u00ae est\u00e1n equipadas con caracter\u00edsticas est\u00e1ndar de seguridad y conveniencia de Hill-Rom, como barandas laterales plegables y un sistema central de freno y direcci\u00f3n para mayor estabilidad y movilidad. La cama de hospital renovada Hill-Rom Advance es una cama de hospital de contorno autom\u00e1tico con posicionamiento terap\u00e9utico completo, freno central, direcci\u00f3n, superficie din\u00e1mica para dormir, control de pacientes y personal en los rieles y control de enfermer\u00eda en el extremo del pie.<\/p>\n<p>Altura total \/ Pie extremo \/ Posici\u00f3n alta: 41.5 &#8220;(105.4 cm)<br \/>\nAltura total \/ Pie \/ Posici\u00f3n baja: 27.5 &#8220;(69.8 cm)<br \/>\nAltura total \/ Extremo de cabeza \/ Posici\u00f3n alta: 43 &#8220;(109.2 cm)<br \/>\nAltura total \/ Extremo de la cabeza \/ Posici\u00f3n baja: 29 &#8220;(73,7 cm)<br \/>\nAltura \/ Piso a la parte superior de la superficie \/ Posici\u00f3n alta: 31 &#8220;(78,7 cm)<br \/>\nAltura \/ Piso a la cima de la superficie \/ Posici\u00f3n baja: 17 &#8220;(43.2 cm)<br \/>\nLargo total (con parachoques de ca\u00f1a o rodillo) \/ Completamente extendido: 93.5 &#8220;(237.5 cm)<br \/>\nLongitud total (con parachoques de ca\u00f1a o rodillo) \/ Totalmente retractada: 81 &#8220;(205,7 cm)<br \/>\nLargo total (sin paragolpes) \/ Completamente extendido: 91 &#8220;(231.1 cm)<br \/>\nLargo total (sin paragolpes) \/ Totalmente retra\u00eddo: 78.5 &#8220;(199.4 cm)<br \/>\nAncho total (rieles laterales hacia arriba): 41.5 &#8220;(105.4 cm)<br \/>\nAncho total (protector lateral almacenado con paragolpes # 818): 36.5 &#8220;(92.7 cm)<br \/>\nViaje total de Hilow: 14 &#8220;(35,6 cm)<br \/>\nSuperficie para dormir: 36 &#8220;x 82&#8221; (91.4 cm x 208.3 cm)<br \/>\nEspacio libre entre marcos de camas: 7.5 &#8220;(19 cm)<br \/>\nPeso \/ Cama con Ruedas (modelo P1145 \/ P1165): 445 lb (201.8 kg)<br \/>\nPeso m\u00e1ximo del paciente: 500 lb (226.8 kg<\/p>\n","protected":false},"excerpt":{"rendered":"<p><b>El paquete incluye:<\/b><\/p>\n<ul>\n<li>Cama Totalmente el\u00e9ctrica con ajuste de altura, cabeza y pies<\/li>\n<li>Control remoto<\/li>\n<li>Barandales de protecci\u00f3n<\/li>\n<li>Manivela de respaldo en caso de falla el\u00e9ctrica<\/li>\n<li>Colch\u00f3n Econ\u00f3mico Ortop\u00e9dico seccionado *<\/li>\n<li>Capacitaci\u00f3n<\/li>\n<li>Disponible en Renta para: 30 d\u00edas<\/li>\n<li><b>Entrega a Domicilio sin Costo en: Guadalajara, Tlaquepaque, Tonal\u00e1, Zapopan y Tlajomulco (este depende de direcci\u00f3n, si no se cobra un extra). SOLO SE REALIZA RENTA DE ESTE PRODUCTO EN ZONA METROPOLITANA DE GUADALAJARA, JALISCO<\/b><\/li>\n<li><\/li>\n<\/ul>\n","protected":false},"featured_media":289,"comment_status":"open","ping_status":"closed","template":"","meta":{"om_disable_all_campaigns":false,"_monsterinsights_skip_tracking":false,"_monsterinsights_sitenote_active":false,"_monsterinsights_sitenote_note":"","_monsterinsights_sitenote_category":0,"site-sidebar-layout":"default","site-content-layout":"default","ast-main-header-display":"","ast-hfb-above-header-display":"","ast-hfb-below-header-display":"","ast-hfb-mobile-header-display":"","site-post-title":"","ast-breadcrumbs-content":"","ast-featured-img":"","footer-sml-layout":"","theme-transparent-header-meta":"default","adv-header-id-meta":"","stick-header-meta":"","header-above-stick-meta":"","header-main-stick-meta":"","header-below-stick-meta":""},"product_cat":[17],"product_tag":[],"class_list":["post-197","product","type-product","status-publish","has-post-thumbnail","hentry","product_cat-https-ventayrentacamasdehospital-com-index-php-camas-en-renta"],"_links":{"self":[{"href":"https:\/\/ventayrentacamasdehospital.com\/index.php\/wp-json\/wp\/v2\/product\/197","targetHints":{"allow":["GET"]}}],"collection":[{"href":"https:\/\/ventayrentacamasdehospital.com\/index.php\/wp-json\/wp\/v2\/product"}],"about":[{"href":"https:\/\/ventayrentacamasdehospital.com\/index.php\/wp-json\/wp\/v2\/types\/product"}],"replies":[{"embeddable":true,"href":"https:\/\/ventayrentacamasdehospital.com\/index.php\/wp-json\/wp\/v2\/comments?post=197"}],"version-history":[{"count":4,"href":"https:\/\/ventayrentacamasdehospital.com\/index.php\/wp-json\/wp\/v2\/product\/197\/revisions"}],"predecessor-version":[{"id":328,"href":"https:\/\/ventayrentacamasdehospital.com\/index.php\/wp-json\/wp\/v2\/product\/197\/revisions\/328"}],"wp:featuredmedia":[{"embeddable":true,"href":"https:\/\/ventayrentacamasdehospital.com\/index.php\/wp-json\/wp\/v2\/media\/289"}],"wp:attachment":[{"href":"https:\/\/ventayrentacamasdehospital.com\/index.php\/wp-json\/wp\/v2\/media?parent=197"}],"wp:term":[{"taxonomy":"product_cat","embeddable":true,"href":"https:\/\/ventayrentacamasdehospital.com\/index.php\/wp-json\/wp\/v2\/product_cat?post=197"},{"taxonomy":"product_tag","embeddable":true,"href":"https:\/\/ventayrentacamasdehospital.com\/index.php\/wp-json\/wp\/v2\/product_tag?post=197"}],"curies":[{"name":"wp","href":"https:\/\/api.w.org\/{rel}","templated":true}]}}