{"id":192,"date":"2021-06-25T21:33:22","date_gmt":"2021-06-25T21:33:22","guid":{"rendered":"https:\/\/ventayrentacamasdehospital.com\/?post_type=product&#038;p=192"},"modified":"2024-09-06T14:59:30","modified_gmt":"2024-09-06T14:59:30","slug":"cama-hill-rom-p1400-century","status":"publish","type":"product","link":"https:\/\/ventayrentacamasdehospital.com\/index.php\/product\/cama-hill-rom-p1400-century\/","title":{"rendered":"Renta Cama Hill-Rom Century"},"content":{"rendered":"<p>La cama de hospital Hill-Rom\u00ae Century Plus P1400 es una excelente opci\u00f3n para uso dom\u00e9stico y en entornos cl\u00ednicos.<br \/>\nSuperficie de dormir:\u00a091.44\u00a0cent\u00edmetros x\u00a0203.20 cent\u00edmetros<br \/>\nLargo total (sin los topes)\u00a092.71 cent\u00edmetros\u00a0 x 223.52 cent\u00edmetros<br \/>\nAltura del marco de la cama:12.70\u00a0cent\u00edmetros c\/ruedas:\u00a019.05\u00a0cent\u00edmetros<br \/>\nPosici\u00f3n baja:\u00a043.18\u00a0cent\u00edmetros<br \/>\nPosici\u00f3n alta:\u00a076.20\u00a0cent\u00edmetros<\/p>\n","protected":false},"excerpt":{"rendered":"<p><b>El paquete incluye:<\/b><\/p>\n<ul>\n<li>Cama Totalmente el\u00e9ctrica con ajuste de altura, cabeza y pies<\/li>\n<li>Control remoto<\/li>\n<li>Barandales de protecci\u00f3n<\/li>\n<li>Manivela de respaldo en caso de falla el\u00e9ctrica<\/li>\n<li>Colch\u00f3n Econ\u00f3mico Ortop\u00e9dico seccionado *<\/li>\n<li>Capacitaci\u00f3n<\/li>\n<li>Disponible en Renta para: 30 d\u00edas<\/li>\n<li><b>Entrega a Domicilio sin Costo en: Guadalajara, Tlaquepaque, Tonal\u00e1, Zapopan y Tlajomulco (este depende de direcci\u00f3n, si no se cobra un extra). SOLO SE REALIZA RENTA DE ESTE PRODUCTO EN ZONA METROPOLITANA DE GUADALAJARA, JALISCO<\/b><\/li>\n<\/ul>\n","protected":false},"featured_media":284,"comment_status":"open","ping_status":"closed","template":"","meta":{"om_disable_all_campaigns":false,"_monsterinsights_skip_tracking":false,"_monsterinsights_sitenote_active":false,"_monsterinsights_sitenote_note":"","_monsterinsights_sitenote_category":0,"site-sidebar-layout":"default","site-content-layout":"default","ast-main-header-display":"","ast-hfb-above-header-display":"","ast-hfb-below-header-display":"","ast-hfb-mobile-header-display":"","site-post-title":"","ast-breadcrumbs-content":"","ast-featured-img":"","footer-sml-layout":"","theme-transparent-header-meta":"default","adv-header-id-meta":"","stick-header-meta":"","header-above-stick-meta":"","header-main-stick-meta":"","header-below-stick-meta":""},"product_cat":[17],"product_tag":[],"class_list":["post-192","product","type-product","status-publish","has-post-thumbnail","hentry","product_cat-https-ventayrentacamasdehospital-com-index-php-camas-en-renta"],"_links":{"self":[{"href":"https:\/\/ventayrentacamasdehospital.com\/index.php\/wp-json\/wp\/v2\/product\/192","targetHints":{"allow":["GET"]}}],"collection":[{"href":"https:\/\/ventayrentacamasdehospital.com\/index.php\/wp-json\/wp\/v2\/product"}],"about":[{"href":"https:\/\/ventayrentacamasdehospital.com\/index.php\/wp-json\/wp\/v2\/types\/product"}],"replies":[{"embeddable":true,"href":"https:\/\/ventayrentacamasdehospital.com\/index.php\/wp-json\/wp\/v2\/comments?post=192"}],"version-history":[{"count":4,"href":"https:\/\/ventayrentacamasdehospital.com\/index.php\/wp-json\/wp\/v2\/product\/192\/revisions"}],"predecessor-version":[{"id":329,"href":"https:\/\/ventayrentacamasdehospital.com\/index.php\/wp-json\/wp\/v2\/product\/192\/revisions\/329"}],"wp:featuredmedia":[{"embeddable":true,"href":"https:\/\/ventayrentacamasdehospital.com\/index.php\/wp-json\/wp\/v2\/media\/284"}],"wp:attachment":[{"href":"https:\/\/ventayrentacamasdehospital.com\/index.php\/wp-json\/wp\/v2\/media?parent=192"}],"wp:term":[{"taxonomy":"product_cat","embeddable":true,"href":"https:\/\/ventayrentacamasdehospital.com\/index.php\/wp-json\/wp\/v2\/product_cat?post=192"},{"taxonomy":"product_tag","embeddable":true,"href":"https:\/\/ventayrentacamasdehospital.com\/index.php\/wp-json\/wp\/v2\/product_tag?post=192"}],"curies":[{"name":"wp","href":"https:\/\/api.w.org\/{rel}","templated":true}]}}