{"id":187,"date":"2021-06-25T21:24:17","date_gmt":"2021-06-25T21:24:17","guid":{"rendered":"https:\/\/ventayrentacamasdehospital.com\/?post_type=product&#038;p=187"},"modified":"2024-09-06T14:52:47","modified_gmt":"2024-09-06T14:52:47","slug":"venta-cama-de-hospital-stryker-secure-1","status":"publish","type":"product","link":"https:\/\/ventayrentacamasdehospital.com\/index.php\/product\/venta-cama-de-hospital-stryker-secure-1\/","title":{"rendered":"Renta Cama de hospital Stryker Secure"},"content":{"rendered":"<p><span class=\"futura-bold\"><span class=\"fontsize-1-5em\">1.\u00a0Cabecero m\u00f3vil:<br \/>\n<\/span><\/span><span class=\"urw-egyptienne\"><span class=\"fontsize-1-25em\">Permite un posicionamiento m\u00e1s ergon\u00f3mico para los cuidadores y ofrece mayores beneficios al paciente en cualquier posici\u00f3n de la cama.<\/span><\/span><\/p>\n<p><span class=\"futura-bold\"><span class=\"fontsize-1-5em\">2.\u00a0Paneles de control integrados:\u00a0<\/span><\/span><span class=\"urw-egyptienne\"><span class=\"fontsize-1-25em\">Los controles intuitivos ofrecen una excelente funcionalidad tanto al cuidador como al paciente en cualquier posici\u00f3n de la cama.<\/span><\/span><\/p>\n<p><span class=\"futura-bold\"><span class=\"fontsize-1-5em\">3.\u00a0Regresi\u00f3n doble:\u00a0<\/span><\/span><span class=\"urw-egyptienne\"><span class=\"fontsize-1-25em\">Permite una regresi\u00f3n del respaldo de 89\u00a0mm y del mecanismo de elevaci\u00f3n de las rodillas de 39\u00a0mm para ayudar a reducir tanto la presi\u00f3n sacra como el desplazamiento del paciente.<\/span><\/span><\/p>\n<div class=\"col-xs-12 col-sm-6 col-md-4\">\n<div class=\"row\">\n<div class=\"text parbase\">\n<div class=\"c-rich-text-editor container\">\n<div class=\" left-to-right \">\n<p><span class=\"futura-bold\"><span class=\"fontsize-1-5em\">4. Quinta rueda:\u00a0<\/span><\/span><span class=\"urw-egyptienne\"><span class=\"fontsize-1-25em\">La movilidad que aporta la quinta rueda aumenta la maniobrabilidad de la cama, lo que ayuda a reducir el riesgo de lesiones en la espalda del cuidador. La quinta rueda permite mover la cama en l\u00ednea recta y facilita la movilidad en espacios reducidos.<\/span><\/span><\/p>\n<\/div>\n<\/div>\n<\/div>\n<\/div>\n<\/div>\n<div class=\"col-xs-12 col-sm-6 col-md-4\">\n<div class=\"row\">\n<div class=\"text parbase\">\n<div class=\"c-rich-text-editor container\">\n<div class=\" left-to-right \">\n<p><span class=\"futura-bold\"><span class=\"fontsize-1-5em\">5.\u00a0Barandillas laterales plegables:\u00a0<\/span><\/span><span class=\"urw-egyptienne\"><span class=\"fontsize-1-25em\">Ayudan al paciente a levantarse de la cama, aumentan su seguridad al cubrir y minimizar por completo los huecos en los que este pudiera quedar atrapado y ofrecen un f\u00e1cil manejo a los cuidadores, que pueden plegarlas con una sola mano.<\/span><\/span><\/p>\n<\/div>\n<\/div>\n<\/div>\n<\/div>\n<\/div>\n","protected":false},"excerpt":{"rendered":"<p><b>El paquete incluye:<\/b><\/p>\n<ul>\n<li>Cama Totalmente el\u00e9ctrica con ajuste de altura, cabeza y pies<\/li>\n<li>Control remoto<\/li>\n<li>Barandales de protecci\u00f3n<\/li>\n<li>Manivela de respaldo en caso de falla el\u00e9ctrica<\/li>\n<li>Colch\u00f3n Econ\u00f3mico Ortop\u00e9dico seccionado *<\/li>\n<li>Capacitaci\u00f3n<\/li>\n<li>Disponible en Renta para: 30 d\u00edas<\/li>\n<li><b>Entrega a Domicilio sin Costo en: Guadalajara, Tlaquepaque, Tonal\u00e1, Zapopan y Tlajomulco (este depende de direcci\u00f3n, si no se cobra un extra). SOLO SE REALIZA RENTA DE ESTE PRODUCTO EN ZONA METROPOLITANA DE GUADALAJARA, JALISCO<\/b><\/li>\n<li><\/li>\n<\/ul>\n<p>&nbsp;<\/p>\n","protected":false},"featured_media":279,"comment_status":"open","ping_status":"closed","template":"","meta":{"om_disable_all_campaigns":false,"_monsterinsights_skip_tracking":false,"_monsterinsights_sitenote_active":false,"_monsterinsights_sitenote_note":"","_monsterinsights_sitenote_category":0,"site-sidebar-layout":"default","site-content-layout":"default","ast-main-header-display":"","ast-hfb-above-header-display":"","ast-hfb-below-header-display":"","ast-hfb-mobile-header-display":"","site-post-title":"","ast-breadcrumbs-content":"","ast-featured-img":"","footer-sml-layout":"","theme-transparent-header-meta":"default","adv-header-id-meta":"","stick-header-meta":"","header-above-stick-meta":"","header-main-stick-meta":"","header-below-stick-meta":""},"product_cat":[17],"product_tag":[],"class_list":["post-187","product","type-product","status-publish","has-post-thumbnail","hentry","product_cat-https-ventayrentacamasdehospital-com-index-php-camas-en-renta"],"_links":{"self":[{"href":"https:\/\/ventayrentacamasdehospital.com\/index.php\/wp-json\/wp\/v2\/product\/187","targetHints":{"allow":["GET"]}}],"collection":[{"href":"https:\/\/ventayrentacamasdehospital.com\/index.php\/wp-json\/wp\/v2\/product"}],"about":[{"href":"https:\/\/ventayrentacamasdehospital.com\/index.php\/wp-json\/wp\/v2\/types\/product"}],"replies":[{"embeddable":true,"href":"https:\/\/ventayrentacamasdehospital.com\/index.php\/wp-json\/wp\/v2\/comments?post=187"}],"version-history":[{"count":6,"href":"https:\/\/ventayrentacamasdehospital.com\/index.php\/wp-json\/wp\/v2\/product\/187\/revisions"}],"predecessor-version":[{"id":327,"href":"https:\/\/ventayrentacamasdehospital.com\/index.php\/wp-json\/wp\/v2\/product\/187\/revisions\/327"}],"wp:featuredmedia":[{"embeddable":true,"href":"https:\/\/ventayrentacamasdehospital.com\/index.php\/wp-json\/wp\/v2\/media\/279"}],"wp:attachment":[{"href":"https:\/\/ventayrentacamasdehospital.com\/index.php\/wp-json\/wp\/v2\/media?parent=187"}],"wp:term":[{"taxonomy":"product_cat","embeddable":true,"href":"https:\/\/ventayrentacamasdehospital.com\/index.php\/wp-json\/wp\/v2\/product_cat?post=187"},{"taxonomy":"product_tag","embeddable":true,"href":"https:\/\/ventayrentacamasdehospital.com\/index.php\/wp-json\/wp\/v2\/product_tag?post=187"}],"curies":[{"name":"wp","href":"https:\/\/api.w.org\/{rel}","templated":true}]}}